{"id":3619,"date":"2023-06-20T11:38:20","date_gmt":"2023-06-20T11:38:20","guid":{"rendered":"https:\/\/endocare.ee\/?page_id=3619"},"modified":"2023-06-20T11:53:53","modified_gmt":"2023-06-20T11:53:53","slug":"kassa-test","status":"publish","type":"page","link":"https:\/\/endocare.ee\/en\/kassa-test\/","title":{"rendered":"Kassa"},"content":{"rendered":"<div data-elementor-type=\"wp-page\" data-elementor-id=\"3619\" class=\"elementor elementor-3619\">\n\t\t\t\t\t\t<section class=\"elementor-section elementor-top-section elementor-element elementor-element-0cbb2ff elementor-section-boxed elementor-section-height-default elementor-section-height-default\" data-id=\"0cbb2ff\" data-element_type=\"section\" data-settings=\"{&quot;background_background&quot;:&quot;classic&quot;,&quot;animation&quot;:&quot;none&quot;}\">\n\t\t\t\t\t\t<div class=\"elementor-container elementor-column-gap-default\">\n\t\t\t\t\t<div class=\"elementor-column elementor-col-100 elementor-top-column elementor-element elementor-element-d19abcd\" data-id=\"d19abcd\" data-element_type=\"column\">\n\t\t\t<div class=\"elementor-widget-wrap elementor-element-populated\">\n\t\t\t\t\t\t<div class=\"elementor-element elementor-element-e24fc14 elementor-widget elementor-widget-tp-woo-checkout\" data-id=\"e24fc14\" data-element_type=\"widget\" data-widget_type=\"tp-woo-checkout.default\">\n\t\t\t\t<div class=\"elementor-widget-container\">\n\t\t\t<div class=\"tp-checkout-page-wrapper tp_co_l_2\">[woocommerce_checkout=\"\"]<\/div>\t\t<\/div>\n\t\t\t\t<\/div>\n\t\t\t\t\t<\/div>\n\t\t<\/div>\n\t\t\t\t\t<\/div>\n\t\t<\/section>\n\t\t\t\t<\/div>","protected":false},"excerpt":{"rendered":"<p>On sul kupong? Kliki siia, et sisestada oma kood Kui sul on kupongi kood, sisesta see palun allpool. Kupong: Rakenda kupongi Arvelduse andmed Eesnimi&nbsp;* Perenimi&nbsp;* Ettev\u00f5tte nimi&nbsp;(valikuline) Riik \/ piirkond&nbsp;*Vali riik \/ piirkond\u2026Afganistan\u00c5land IslandsAlbaaniaAl\u017eeeriaAmeerika SamoaAmeerika \u00dchendriigid (US)AndorraAngolaAnguillaAntarktikaAntigua ja BarbudaAraabia \u00dchendemiraadidArgentiinaArmeeniaAruubaAserbaid\u017eaanAustraaliaAustriaBahamaBahreinBangladeshBarbadosBelauBelgiaBelizeBeninBermudaBhutanBoliiviaBonaire, Saint Eustatius ja SabaBosnia ja HertsegoviinaBotswanaBouvet &#8216;saarBrasiiliaBriti India ookeani alaBruneiBulgaariaBurkina FasoBurundiCape VerdeCooki saaredCosta RicaCura\u00e7aoDjiboutiDominicaDominikaani VabariikEcuadorEestiEgiptusEkvatoriaal-GuineaEl [&hellip;]<\/p>","protected":false},"author":125,"featured_media":0,"parent":0,"menu_order":0,"comment_status":"closed","ping_status":"closed","template":"elementor_header_footer","meta":{"site-sidebar-layout":"no-sidebar","site-content-layout":"page-builder","ast-site-content-layout":"","site-content-style":"default","site-sidebar-style":"default","ast-global-header-display":"","ast-banner-title-visibility":"","ast-main-header-display":"","ast-hfb-above-header-display":"","ast-hfb-below-header-display":"","ast-hfb-mobile-header-display":"","site-post-title":"disabled","ast-breadcrumbs-content":"","ast-featured-img":"disabled","footer-sml-layout":"","theme-transparent-header-meta":"","adv-header-id-meta":"","stick-header-meta":"","header-above-stick-meta":"","header-main-stick-meta":"","header-below-stick-meta":"","astra-migrate-meta-layouts":"default","ast-page-background-enabled":"default","ast-page-background-meta":{"desktop":{"background-color":"var(--ast-global-color-4)","background-image":"","background-repeat":"repeat","background-position":"center center","background-size":"auto","background-attachment":"scroll","background-type":"","background-media":"","overlay-type":"","overlay-color":"","overlay-gradient":""},"tablet":{"background-color":"","background-image":"","background-repeat":"repeat","background-position":"center center","background-size":"auto","background-attachment":"scroll","background-type":"","background-media":"","overlay-type":"","overlay-color":"","overlay-gradient":""},"mobile":{"background-color":"","background-image":"","background-repeat":"repeat","background-position":"center center","background-size":"auto","background-attachment":"scroll","background-type":"","background-media":"","overlay-type":"","overlay-color":"","overlay-gradient":""}},"ast-content-background-meta":{"desktop":{"background-color":"var(--ast-global-color-5)","background-image":"","background-repeat":"repeat","background-position":"center center","background-size":"auto","background-attachment":"scroll","background-type":"","background-media":"","overlay-type":"","overlay-color":"","overlay-gradient":""},"tablet":{"background-color":"var(--ast-global-color-5)","background-image":"","background-repeat":"repeat","background-position":"center center","background-size":"auto","background-attachment":"scroll","background-type":"","background-media":"","overlay-type":"","overlay-color":"","overlay-gradient":""},"mobile":{"background-color":"var(--ast-global-color-5)","background-image":"","background-repeat":"repeat","background-position":"center center","background-size":"auto","background-attachment":"scroll","background-type":"","background-media":"","overlay-type":"","overlay-color":"","overlay-gradient":""}},"footnotes":""},"class_list":["post-3619","page","type-page","status-publish","hentry"],"_links":{"self":[{"href":"https:\/\/endocare.ee\/en\/wp-json\/wp\/v2\/pages\/3619","targetHints":{"allow":["GET"]}}],"collection":[{"href":"https:\/\/endocare.ee\/en\/wp-json\/wp\/v2\/pages"}],"about":[{"href":"https:\/\/endocare.ee\/en\/wp-json\/wp\/v2\/types\/page"}],"author":[{"embeddable":true,"href":"https:\/\/endocare.ee\/en\/wp-json\/wp\/v2\/users\/125"}],"replies":[{"embeddable":true,"href":"https:\/\/endocare.ee\/en\/wp-json\/wp\/v2\/comments?post=3619"}],"version-history":[{"count":5,"href":"https:\/\/endocare.ee\/en\/wp-json\/wp\/v2\/pages\/3619\/revisions"}],"predecessor-version":[{"id":3626,"href":"https:\/\/endocare.ee\/en\/wp-json\/wp\/v2\/pages\/3619\/revisions\/3626"}],"wp:attachment":[{"href":"https:\/\/endocare.ee\/en\/wp-json\/wp\/v2\/media?parent=3619"}],"curies":[{"name":"wp","href":"https:\/\/api.w.org\/{rel}","templated":true}]}}