{"id":1349,"date":"2022-12-20T10:50:19","date_gmt":"2022-12-20T10:50:19","guid":{"rendered":"https:\/\/endocare.ee\/?page_id=1349"},"modified":"2023-03-29T05:19:07","modified_gmt":"2023-03-29T05:19:07","slug":"abivahendite-muuk","status":"publish","type":"page","link":"https:\/\/endocare.ee\/en\/abivahendite-muuk\/","title":{"rendered":"Abivahendite m\u00fc\u00fck"},"content":{"rendered":"<div data-elementor-type=\"wp-page\" data-elementor-id=\"1349\" class=\"elementor elementor-1349\">\n\t\t\t\t\t\t<section class=\"elementor-section elementor-top-section elementor-element elementor-element-5317fac9 elementor-section-stretched elementor-section-boxed elementor-section-height-default elementor-section-height-default\" data-id=\"5317fac9\" data-element_type=\"section\" data-settings=\"{&quot;stretch_section&quot;:&quot;section-stretched&quot;,&quot;background_background&quot;:&quot;classic&quot;}\">\n\t\t\t\t\t\t\t<div class=\"elementor-background-overlay\"><\/div>\n\t\t\t\t\t\t\t<div class=\"elementor-container elementor-column-gap-wide\">\n\t\t\t\t\t<div class=\"elementor-column elementor-col-50 elementor-top-column elementor-element elementor-element-60b47f88 elementor-invisible\" data-id=\"60b47f88\" data-element_type=\"column\" data-settings=\"{&quot;animation&quot;:&quot;fadeInLeft&quot;}\">\n\t\t\t<div class=\"elementor-widget-wrap elementor-element-populated\">\n\t\t\t\t\t\t<div class=\"elementor-element elementor-element-bb45438 elementor-widget elementor-widget-image\" data-id=\"bb45438\" data-element_type=\"widget\" data-widget_type=\"image.default\">\n\t\t\t\t<div class=\"elementor-widget-container\">\n\t\t\t<style>\/*! elementor - v3.19.0 - 05-02-2024 *\/\n.elementor-widget-image{text-align:center}.elementor-widget-image a{display:inline-block}.elementor-widget-image a img[src$=\".svg\"]{width:48px}.elementor-widget-image img{vertical-align:middle;display:inline-block}<\/style>\t\t\t\t\t\t\t\t\t\t<img fetchpriority=\"high\" decoding=\"async\" width=\"570\" height=\"318\" src=\"https:\/\/endocare.ee\/wp-content\/uploads\/2020\/11\/Untitled-design-59.png\" class=\"attachment-large size-large wp-image-658\" alt=\"\" srcset=\"https:\/\/endocare.ee\/wp-content\/uploads\/2020\/11\/Untitled-design-59.png 570w, https:\/\/endocare.ee\/wp-content\/uploads\/2020\/11\/Untitled-design-59-300x167.png 300w\" sizes=\"(max-width: 570px) 100vw, 570px\" \/>\t\t\t\t\t\t\t\t\t\t\t\t\t<\/div>\n\t\t\t\t<\/div>\n\t\t\t\t\t<\/div>\n\t\t<\/div>\n\t\t\t\t<div class=\"elementor-column elementor-col-50 elementor-top-column elementor-element elementor-element-40e80119 elementor-invisible\" data-id=\"40e80119\" data-element_type=\"column\" data-settings=\"{&quot;animation&quot;:&quot;fadeInRight&quot;}\">\n\t\t\t<div class=\"elementor-widget-wrap elementor-element-populated\">\n\t\t\t\t\t\t<div class=\"elementor-element elementor-element-348a1b08 elementor-widget elementor-widget-heading\" data-id=\"348a1b08\" data-element_type=\"widget\" data-widget_type=\"heading.default\">\n\t\t\t\t<div class=\"elementor-widget-container\">\n\t\t\t<style>\/*! elementor - v3.19.0 - 05-02-2024 *\/\n.elementor-heading-title{padding:0;margin:0;line-height:1}.elementor-widget-heading .elementor-heading-title[class*=elementor-size-]>a{color:inherit;font-size:inherit;line-height:inherit}.elementor-widget-heading .elementor-heading-title.elementor-size-small{font-size:15px}.elementor-widget-heading .elementor-heading-title.elementor-size-medium{font-size:19px}.elementor-widget-heading .elementor-heading-title.elementor-size-large{font-size:29px}.elementor-widget-heading .elementor-heading-title.elementor-size-xl{font-size:39px}.elementor-widget-heading .elementor-heading-title.elementor-size-xxl{font-size:59px}<\/style><h2 class=\"elementor-heading-title elementor-size-default\">Endocare Estonia O\u00dc<\/h2>\t\t<\/div>\n\t\t\t\t<\/div>\n\t\t\t\t<div class=\"elementor-element elementor-element-7dc49736 elementor-widget elementor-widget-text-editor\" data-id=\"7dc49736\" data-element_type=\"widget\" data-widget_type=\"text-editor.default\">\n\t\t\t\t<div class=\"elementor-widget-container\">\n\t\t\t<style>\/*! elementor - v3.19.0 - 05-02-2024 *\/\n.elementor-widget-text-editor.elementor-drop-cap-view-stacked .elementor-drop-cap{background-color:#69727d;color:#fff}.elementor-widget-text-editor.elementor-drop-cap-view-framed .elementor-drop-cap{color:#69727d;border:3px solid;background-color:transparent}.elementor-widget-text-editor:not(.elementor-drop-cap-view-default) .elementor-drop-cap{margin-top:8px}.elementor-widget-text-editor:not(.elementor-drop-cap-view-default) .elementor-drop-cap-letter{width:1em;height:1em}.elementor-widget-text-editor .elementor-drop-cap{float:left;text-align:center;line-height:1;font-size:50px}.elementor-widget-text-editor .elementor-drop-cap-letter{display:inline-block}<\/style>\t\t\t\t<p>We currently offer the following aids with a state discount:<\/p>\n<p>Care and maintenance tools:<\/p>\n<ul>\n<li>Detergents<\/li>\n<li>Skin care<\/li>\n<li>Aprons<\/li>\n<li>Washing gloves<\/li>\n<li>Mattresses prevent bedsores<\/li>\n<\/ul>\n<p>Incontinence products:<\/p>\n<ul>\n<li>Diapers<\/li>\n<li>Base sheets<\/li>\n<\/ul>\t\t\t\t\t\t<\/div>\n\t\t\t\t<\/div>\n\t\t\t\t<div class=\"elementor-element elementor-element-db2b2af elementor-widget elementor-widget-text-editor\" data-id=\"db2b2af\" data-element_type=\"widget\" data-widget_type=\"text-editor.default\">\n\t\t\t\t<div class=\"elementor-widget-container\">\n\t\t\t\t\t\t\t<p>The aids can be consulted on weekdays from 9:00 a.m. to 4:00 p.m.<\/p><p>To get acquainted, please call in advance and make an appointment.<\/p>\t\t\t\t\t\t<\/div>\n\t\t\t\t<\/div>\n\t\t\t\t<div class=\"elementor-element elementor-element-1e06079 elementor-align-left elementor-icon-list--layout-traditional elementor-list-item-link-full_width elementor-widget elementor-widget-icon-list\" data-id=\"1e06079\" data-element_type=\"widget\" data-widget_type=\"icon-list.default\">\n\t\t\t\t<div class=\"elementor-widget-container\">\n\t\t\t<link rel=\"stylesheet\" href=\"https:\/\/endocare.ee\/wp-content\/plugins\/elementor\/assets\/css\/widget-icon-list.min.css\">\t\t<ul class=\"elementor-icon-list-items\">\n\t\t\t\t\t\t\t<li class=\"elementor-icon-list-item\">\n\t\t\t\t\t\t\t\t\t\t\t<span class=\"elementor-icon-list-icon\">\n\t\t\t\t\t\t\t<i aria-hidden=\"true\" class=\"fas fa-home\"><\/i>\t\t\t\t\t\t<\/span>\n\t\t\t\t\t\t\t\t\t\t<span class=\"elementor-icon-list-text\">Tondi 51-21, Tallinn 11316<\/span>\n\t\t\t\t\t\t\t\t\t<\/li>\n\t\t\t\t\t\t\t\t<li class=\"elementor-icon-list-item\">\n\t\t\t\t\t\t\t\t\t\t\t<span class=\"elementor-icon-list-icon\">\n\t\t\t\t\t\t\t<i aria-hidden=\"true\" class=\"fas fa-phone-square\"><\/i>\t\t\t\t\t\t<\/span>\n\t\t\t\t\t\t\t\t\t\t<span class=\"elementor-icon-list-text\">+372 5660 8156<\/span>\n\t\t\t\t\t\t\t\t\t<\/li>\n\t\t\t\t\t\t\t\t<li class=\"elementor-icon-list-item\">\n\t\t\t\t\t\t\t\t\t\t\t<span class=\"elementor-icon-list-icon\">\n\t\t\t\t\t\t\t<i aria-hidden=\"true\" class=\"fas fa-envelope\"><\/i>\t\t\t\t\t\t<\/span>\n\t\t\t\t\t\t\t\t\t\t<span class=\"elementor-icon-list-text\">info@endocare.ee<\/span>\n\t\t\t\t\t\t\t\t\t<\/li>\n\t\t\t\t\t\t<\/ul>\n\t\t\t\t<\/div>\n\t\t\t\t<\/div>\n\t\t\t\t<div class=\"elementor-element elementor-element-1bd8ecd elementor-align-left elementor-mobile-align-center elementor-widget elementor-widget-button\" data-id=\"1bd8ecd\" data-element_type=\"widget\" data-widget_type=\"button.default\">\n\t\t\t\t<div class=\"elementor-widget-container\">\n\t\t\t\t\t<div class=\"elementor-button-wrapper\">\n\t\t\t<a class=\"elementor-button elementor-button-link elementor-size-sm\" href=\"https:\/\/endocare.ee\/en\/#kontak\">\n\t\t\t\t\t\t<span class=\"elementor-button-content-wrapper\">\n\t\t\t\t\t\t<span class=\"elementor-button-text\">Contact<\/span>\n\t\t<\/span>\n\t\t\t\t\t<\/a>\n\t\t<\/div>\n\t\t\t\t<\/div>\n\t\t\t\t<\/div>\n\t\t\t\t\t<\/div>\n\t\t<\/div>\n\t\t\t\t\t<\/div>\n\t\t<\/section>\n\t\t\t\t<section class=\"elementor-section elementor-top-section elementor-element elementor-element-51686f7a elementor-section-boxed elementor-section-height-default elementor-section-height-default\" data-id=\"51686f7a\" data-element_type=\"section\" data-settings=\"{&quot;background_background&quot;:&quot;classic&quot;}\">\n\t\t\t\t\t\t<div class=\"elementor-container elementor-column-gap-default\">\n\t\t\t\t\t<div class=\"elementor-column elementor-col-50 elementor-top-column elementor-element elementor-element-2b38e89e\" data-id=\"2b38e89e\" data-element_type=\"column\">\n\t\t\t<div class=\"elementor-widget-wrap elementor-element-populated\">\n\t\t\t\t\t\t<div class=\"elementor-element elementor-element-429918f5 elementor-widget elementor-widget-text-editor\" data-id=\"429918f5\" data-element_type=\"widget\" data-widget_type=\"text-editor.default\">\n\t\t\t\t<div class=\"elementor-widget-container\">\n\t\t\t\t\t\t\t<p>Who has the right to receive an aid with a state discount<br \/>Buying and renting aids with a state discount is regulated by the regulation of the Minister of Social Protection. In the appendix to the regulation, you can find a list of aids (PDF), which lists the aids together with the conditions for compensation.<br \/>We reimburse the aids<\/p><ul><li>For children with an identified disability. Children with disabilities up to 18 years of age receive a 90% discount from the state when purchasing an assistive device.<\/li><li>For children who have not been diagnosed with a disability, but have been issued a specialist doctor's certificate about the need for an aid. Disabled children up to 18 years of age receive a 50% discount from the state when purchasing an aid.<\/li><li>For children (16-17 years old) who have been identified as having partial or no work capacity. 16-17-year-old children with partial or no work capacity receive a 90% state discount when purchasing an aid.<\/li><li>For those of working age who have been diagnosed with either partial or absent work capacity, disability.<\/li><li>People of working age receive a state discount of 40-90% when purchasing an aid.<\/li><li>18-26-year-old people with learning disabilities or people with partial\/absent working capacity receive a 90% state discount when purchasing an assistive device.<\/li><li>For people of retirement age who are 64 and older. Old-age pensioners receive a state discount of 40\u201390% when purchasing an aid.<\/li><\/ul><p>How to get an aid with a state discount?<br \/>To buy or rent an assistive device from an assistive device company with a state discount, you need a paper assistive device certificate:<br \/>Proof of aid<br \/>shows you what aids you need. To obtain a certificate, contact a family doctor, general practitioner, resident doctor, specialist, nurse, occupational therapist, physiotherapist, midwife or speech therapist. The need for an aid may also be stated in the rehabilitation plan. Who can issue a certificate for a specific aid depends on the aid and can be found in the list of aids. (370.08 KB, PDF)<\/p><p>More information:\u00a0<a href=\"https:\/\/www.sotsiaalkindlustusamet.ee\/et\" target=\"_blank\" rel=\"noopener\">https:\/\/www.sotsiaalkindlustusamet.ee\/et<\/a><\/p>\t\t\t\t\t\t<\/div>\n\t\t\t\t<\/div>\n\t\t\t\t\t<\/div>\n\t\t<\/div>\n\t\t\t\t<div class=\"elementor-column elementor-col-50 elementor-top-column elementor-element elementor-element-4690e32d\" data-id=\"4690e32d\" data-element_type=\"column\">\n\t\t\t<div class=\"elementor-widget-wrap elementor-element-populated\">\n\t\t\t\t\t\t<div class=\"elementor-element elementor-element-fe7f0be elementor-widget elementor-widget-image\" data-id=\"fe7f0be\" data-element_type=\"widget\" data-widget_type=\"image.default\">\n\t\t\t\t<div class=\"elementor-widget-container\">\n\t\t\t\t\t\t\t\t\t\t\t\t\t<img decoding=\"async\" src=\"https:\/\/endocare.ee\/wp-content\/uploads\/elementor\/thumbs\/national-cancer-institute-BxXgTQEw1M4-unsplash-scaled-pzcol8lxfxa6tltqg5e4srkqvi17l5mirm3awnjqrk.jpg\" title=\"national-cancer-institute-BxXgTQEw1M4-unsplash\" alt=\"national-cancer-institute-BxXgTQEw1M4-unsplash\" loading=\"lazy\" \/>\t\t\t\t\t\t\t\t\t\t\t\t\t<\/div>\n\t\t\t\t<\/div>\n\t\t\t\t\t<\/div>\n\t\t<\/div>\n\t\t\t\t\t<\/div>\n\t\t<\/section>\n\t\t\t\t<\/div>","protected":false},"excerpt":{"rendered":"<p>Endocare Estonia O\u00dc Pakume hetkel j\u00e4rgmiseid abivahendeid riigipoolse soodustusega: P\u00f5etus- ja hooldusvahendid: Pesuvahendid Nahahooldus S\u00f6\u00f6gip\u00f5lled Pesukindad Lamatisi v\u00e4ltivad madratsid Inkontinentsitooted: M\u00e4hkmed Aluslinad Abivahenditega saab tutvuda t\u00f6\u00f6p\u00e4eviti 9.00-16.00. Tutvumiseks palun helistada ette ja leppida aeg kokku. Tondi 51-21, Tallinn 11316 +372 5660 8156 info@endocare.ee Kontakt Kellel on \u00f5igus saada abivahend riigipoolse soodustusegaAbivahendite ostmine ja \u00fc\u00fcrimine riigipoolse [&hellip;]<\/p>","protected":false},"author":125,"featured_media":0,"parent":0,"menu_order":0,"comment_status":"closed","ping_status":"closed","template":"elementor_header_footer","meta":{"site-sidebar-layout":"default","site-content-layout":"","ast-site-content-layout":"","site-content-style":"default","site-sidebar-style":"default","ast-global-header-display":"","ast-banner-title-visibility":"","ast-main-header-display":"","ast-hfb-above-header-display":"","ast-hfb-below-header-display":"","ast-hfb-mobile-header-display":"","site-post-title":"","ast-breadcrumbs-content":"","ast-featured-img":"","footer-sml-layout":"","theme-transparent-header-meta":"","adv-header-id-meta":"","stick-header-meta":"","header-above-stick-meta":"","header-main-stick-meta":"","header-below-stick-meta":"","astra-migrate-meta-layouts":"default","ast-page-background-enabled":"default","ast-page-background-meta":{"desktop":{"background-color":"var(--ast-global-color-4)","background-image":"","background-repeat":"repeat","background-position":"center center","background-size":"auto","background-attachment":"scroll","background-type":"","background-media":"","overlay-type":"","overlay-color":"","overlay-gradient":""},"tablet":{"background-color":"","background-image":"","background-repeat":"repeat","background-position":"center center","background-size":"auto","background-attachment":"scroll","background-type":"","background-media":"","overlay-type":"","overlay-color":"","overlay-gradient":""},"mobile":{"background-color":"","background-image":"","background-repeat":"repeat","background-position":"center center","background-size":"auto","background-attachment":"scroll","background-type":"","background-media":"","overlay-type":"","overlay-color":"","overlay-gradient":""}},"ast-content-background-meta":{"desktop":{"background-color":"var(--ast-global-color-5)","background-image":"","background-repeat":"repeat","background-position":"center center","background-size":"auto","background-attachment":"scroll","background-type":"","background-media":"","overlay-type":"","overlay-color":"","overlay-gradient":""},"tablet":{"background-color":"var(--ast-global-color-5)","background-image":"","background-repeat":"repeat","background-position":"center center","background-size":"auto","background-attachment":"scroll","background-type":"","background-media":"","overlay-type":"","overlay-color":"","overlay-gradient":""},"mobile":{"background-color":"var(--ast-global-color-5)","background-image":"","background-repeat":"repeat","background-position":"center center","background-size":"auto","background-attachment":"scroll","background-type":"","background-media":"","overlay-type":"","overlay-color":"","overlay-gradient":""}},"footnotes":""},"class_list":["post-1349","page","type-page","status-publish","hentry"],"_links":{"self":[{"href":"https:\/\/endocare.ee\/en\/wp-json\/wp\/v2\/pages\/1349","targetHints":{"allow":["GET"]}}],"collection":[{"href":"https:\/\/endocare.ee\/en\/wp-json\/wp\/v2\/pages"}],"about":[{"href":"https:\/\/endocare.ee\/en\/wp-json\/wp\/v2\/types\/page"}],"author":[{"embeddable":true,"href":"https:\/\/endocare.ee\/en\/wp-json\/wp\/v2\/users\/125"}],"replies":[{"embeddable":true,"href":"https:\/\/endocare.ee\/en\/wp-json\/wp\/v2\/comments?post=1349"}],"version-history":[{"count":25,"href":"https:\/\/endocare.ee\/en\/wp-json\/wp\/v2\/pages\/1349\/revisions"}],"predecessor-version":[{"id":2173,"href":"https:\/\/endocare.ee\/en\/wp-json\/wp\/v2\/pages\/1349\/revisions\/2173"}],"wp:attachment":[{"href":"https:\/\/endocare.ee\/en\/wp-json\/wp\/v2\/media?parent=1349"}],"curies":[{"name":"wp","href":"https:\/\/api.w.org\/{rel}","templated":true}]}}